{"id":47942,"date":"2024-11-07T10:25:11","date_gmt":"2024-11-07T13:25:11","guid":{"rendered":"https:\/\/abmes.com.br\/site\/?page_id=47942"},"modified":"2024-11-11T11:18:50","modified_gmt":"2024-11-11T14:18:50","slug":"destaques-2-2-2-2","status":"publish","type":"page","link":"https:\/\/abmes.com.br\/site\/destaques-2-2-2-2\/","title":{"rendered":"LEI ORG\u00c2NICA NACIONAL"},"content":{"rendered":"\t\t<div data-elementor-type=\"wp-page\" data-elementor-id=\"47942\" class=\"elementor elementor-47942\" data-elementor-post-type=\"page\">\n\t\t\t\t<div class=\"elementor-element elementor-element-4df0d1b e-flex e-con-boxed e-con e-parent\" data-id=\"4df0d1b\" data-element_type=\"container\">\n\t\t\t\t\t<div class=\"e-con-inner\">\n\t\t\t\t<div class=\"elementor-element elementor-element-1f83627 elementor-widget elementor-widget-text-editor\" data-id=\"1f83627\" data-element_type=\"widget\" data-widget_type=\"text-editor.default\">\n\t\t\t\t<div class=\"elementor-widget-container\">\n\t\t\t<style>\/*! elementor - v3.23.0 - 25-07-2024 *\/\n.elementor-widget-text-editor.elementor-drop-cap-view-stacked .elementor-drop-cap{background-color:#69727d;color:#fff}.elementor-widget-text-editor.elementor-drop-cap-view-framed .elementor-drop-cap{color:#69727d;border:3px solid;background-color:transparent}.elementor-widget-text-editor:not(.elementor-drop-cap-view-default) .elementor-drop-cap{margin-top:8px}.elementor-widget-text-editor:not(.elementor-drop-cap-view-default) .elementor-drop-cap-letter{width:1em;height:1em}.elementor-widget-text-editor .elementor-drop-cap{float:left;text-align:center;line-height:1;font-size:50px}.elementor-widget-text-editor .elementor-drop-cap-letter{display:inline-block}<\/style>\t\t\t\t<p style=\"text-align: center;\">L<strong>EI ORG\u00c2NICA NACIONAL<\/strong><br><strong>Voc\u00ea tem alguma d\u00favida ou sugest\u00e3o sobre a aplica\u00e7\u00e3o da Lei Org\u00e2nica Nacional (LON)?<\/strong><br><strong>Use o campo abaixo para registrar suas d\u00favidas e sugest\u00f5es e vamos, juntos, procurar a melhor solu\u00e7\u00e3o para regulamenta\u00e7\u00e3o e aplica\u00e7\u00e3o da LON no Esp\u00edrito Santo.<\/strong><\/p>\n<p>\n<div class=\"wpcf7 no-js\" id=\"wpcf7-f47941-o1\" lang=\"pt-BR\" dir=\"ltr\" data-wpcf7-id=\"47941\">\n<div class=\"screen-reader-response\"><p role=\"status\" aria-live=\"polite\" aria-atomic=\"true\"><\/p> <ul><\/ul><\/div>\n<form action=\"\/site\/wp-json\/wp\/v2\/pages\/47942#wpcf7-f47941-o1\" method=\"post\" class=\"wpcf7-form init\" aria-label=\"Formul\u00e1rios de contato\" novalidate=\"novalidate\" data-status=\"init\">\n<div style=\"display: none;\">\n<input type=\"hidden\" name=\"_wpcf7\" value=\"47941\" \/>\n<input type=\"hidden\" name=\"_wpcf7_version\" value=\"6.0.3\" \/>\n<input type=\"hidden\" name=\"_wpcf7_locale\" value=\"pt_BR\" \/>\n<input type=\"hidden\" name=\"_wpcf7_unit_tag\" value=\"wpcf7-f47941-o1\" \/>\n<input type=\"hidden\" name=\"_wpcf7_container_post\" value=\"0\" \/>\n<input type=\"hidden\" name=\"_wpcf7_posted_data_hash\" value=\"\" \/>\n<\/div>\n<p><label> Seu nome<br \/>\n<span class=\"wpcf7-form-control-wrap\" data-name=\"your-name\"><input size=\"40\" maxlength=\"400\" class=\"wpcf7-form-control wpcf7-text wpcf7-validates-as-required\" autocomplete=\"name\" aria-required=\"true\" aria-invalid=\"false\" value=\"\" type=\"text\" name=\"your-name\" \/><\/span> <\/label>\n<\/p>\n<p><label> Seu e-mail<br \/>\n<span class=\"wpcf7-form-control-wrap\" data-name=\"email-412\"><input size=\"40\" maxlength=\"400\" class=\"wpcf7-form-control wpcf7-email wpcf7-validates-as-required wpcf7-text wpcf7-validates-as-email\" autocomplete=\"email\" aria-required=\"true\" aria-invalid=\"false\" value=\"\" type=\"email\" name=\"email-412\" \/><\/span> <\/label>\n<\/p>\n<p><label> Seu whatsapp<br \/>\n<span class=\"wpcf7-form-control-wrap\" data-name=\"tel-936\"><input size=\"40\" maxlength=\"400\" class=\"wpcf7-form-control wpcf7-tel wpcf7-validates-as-required wpcf7-text wpcf7-validates-as-tel\" autocomplete=\"tel\" aria-required=\"true\" aria-invalid=\"false\" value=\"\" type=\"tel\" name=\"tel-936\" \/><\/span> <\/label>\n<\/p>\n<p><label> Sua mensagem (opcional)<br \/>\n<span class=\"wpcf7-form-control-wrap\" data-name=\"textarea-904\"><textarea cols=\"40\" rows=\"10\" maxlength=\"200\" minlength=\"10\" class=\"wpcf7-form-control wpcf7-textarea wpcf7-validates-as-required\" aria-required=\"true\" aria-invalid=\"false\" name=\"textarea-904\"><\/textarea><\/span> <\/label>\n<\/p>\n<p><input class=\"wpcf7-form-control wpcf7-submit has-spinner\" type=\"submit\" value=\"Enviar\" \/>\n<\/p><div class=\"wpcf7-response-output\" aria-hidden=\"true\"><\/div>\n<\/form>\n<\/div>\n<\/p>\t\t\t\t\t\t<\/div>\n\t\t\t\t<\/div>\n\t\t\t\t\t<\/div>\n\t\t\t\t<\/div>\n\t\t\t\t<\/div>\n\t\t","protected":false},"excerpt":{"rendered":"<p>LEI ORG\u00c2NICA NACIONALVoc\u00ea tem alguma d\u00favida ou sugest\u00e3o sobre a aplica\u00e7\u00e3o da Lei Org\u00e2nica Nacional (LON)?Use o campo abaixo para [&hellip;]<\/p>\n","protected":false},"author":1,"featured_media":0,"parent":0,"menu_order":0,"comment_status":"closed","ping_status":"closed","template":"","meta":{"_acf_changed":false,"site-sidebar-layout":"no-sidebar","site-content-layout":"","ast-site-content-layout":"full-width-container","site-content-style":"default","site-sidebar-style":"default","ast-global-header-display":"","ast-banner-title-visibility":"","ast-main-header-display":"","ast-hfb-above-header-display":"","ast-hfb-below-header-display":"","ast-hfb-mobile-header-display":"","site-post-title":"disabled","ast-breadcrumbs-content":"","ast-featured-img":"disabled","footer-sml-layout":"","theme-transparent-header-meta":"","adv-header-id-meta":"","stick-header-meta":"","header-above-stick-meta":"","header-main-stick-meta":"","header-below-stick-meta":"","astra-migrate-meta-layouts":"default","ast-page-background-enabled":"default","ast-page-background-meta":{"desktop":{"background-color":"var(--ast-global-color-4)","background-image":"","background-repeat":"repeat","background-position":"center center","background-size":"auto","background-attachment":"scroll","background-type":"","background-media":"","overlay-type":"","overlay-color":"","overlay-gradient":""},"tablet":{"background-color":"","background-image":"","background-repeat":"repeat","background-position":"center center","background-size":"auto","background-attachment":"scroll","background-type":"","background-media":"","overlay-type":"","overlay-color":"","overlay-gradient":""},"mobile":{"background-color":"","background-image":"","background-repeat":"repeat","background-position":"center center","background-size":"auto","background-attachment":"scroll","background-type":"","background-media":"","overlay-type":"","overlay-color":"","overlay-gradient":""}},"ast-content-background-meta":{"desktop":{"background-color":"var(--ast-global-color-5)","background-image":"","background-repeat":"repeat","background-position":"center center","background-size":"auto","background-attachment":"scroll","background-type":"","background-media":"","overlay-type":"","overlay-color":"","overlay-gradient":""},"tablet":{"background-color":"var(--ast-global-color-5)","background-image":"","background-repeat":"repeat","background-position":"center center","background-size":"auto","background-attachment":"scroll","background-type":"","background-media":"","overlay-type":"","overlay-color":"","overlay-gradient":""},"mobile":{"background-color":"var(--ast-global-color-5)","background-image":"","background-repeat":"repeat","background-position":"center center","background-size":"auto","background-attachment":"scroll","background-type":"","background-media":"","overlay-type":"","overlay-color":"","overlay-gradient":""}},"footnotes":""},"class_list":["post-47942","page","type-page","status-publish","hentry"],"acf":[],"yoast_head":"<!-- This site is optimized with the Yoast SEO plugin v26.6 - https:\/\/yoast.com\/wordpress\/plugins\/seo\/ -->\n<title>LEI ORG\u00c2NICA NACIONAL - ABMES<\/title>\n<meta name=\"robots\" content=\"index, follow, max-snippet:-1, max-image-preview:large, max-video-preview:-1\" \/>\n<link rel=\"canonical\" href=\"https:\/\/abmes.com.br\/site\/destaques-2-2-2-2\/\" \/>\n<meta property=\"og:locale\" content=\"pt_BR\" \/>\n<meta property=\"og:type\" content=\"article\" \/>\n<meta property=\"og:title\" content=\"LEI ORG\u00c2NICA NACIONAL - ABMES\" \/>\n<meta property=\"og:description\" content=\"LEI ORG\u00c2NICA NACIONALVoc\u00ea tem alguma d\u00favida ou sugest\u00e3o sobre a aplica\u00e7\u00e3o da Lei Org\u00e2nica Nacional (LON)?Use o campo abaixo para [&hellip;]\" \/>\n<meta property=\"og:url\" content=\"https:\/\/abmes.com.br\/site\/destaques-2-2-2-2\/\" \/>\n<meta property=\"og:site_name\" content=\"ABMES\" \/>\n<meta property=\"article:modified_time\" content=\"2024-11-11T14:18:50+00:00\" \/>\n<meta name=\"twitter:card\" content=\"summary_large_image\" \/>\n<script type=\"application\/ld+json\" class=\"yoast-schema-graph\">{\"@context\":\"https:\/\/schema.org\",\"@graph\":[{\"@type\":\"WebPage\",\"@id\":\"https:\/\/abmes.com.br\/site\/destaques-2-2-2-2\/\",\"url\":\"https:\/\/abmes.com.br\/site\/destaques-2-2-2-2\/\",\"name\":\"LEI ORG\u00c2NICA NACIONAL - ABMES\",\"isPartOf\":{\"@id\":\"https:\/\/abmes.com.br\/site\/#website\"},\"datePublished\":\"2024-11-07T13:25:11+00:00\",\"dateModified\":\"2024-11-11T14:18:50+00:00\",\"breadcrumb\":{\"@id\":\"https:\/\/abmes.com.br\/site\/destaques-2-2-2-2\/#breadcrumb\"},\"inLanguage\":\"pt-BR\",\"potentialAction\":[{\"@type\":\"ReadAction\",\"target\":[\"https:\/\/abmes.com.br\/site\/destaques-2-2-2-2\/\"]}]},{\"@type\":\"BreadcrumbList\",\"@id\":\"https:\/\/abmes.com.br\/site\/destaques-2-2-2-2\/#breadcrumb\",\"itemListElement\":[{\"@type\":\"ListItem\",\"position\":1,\"name\":\"In\u00edcio\",\"item\":\"https:\/\/abmes.com.br\/site\/\"},{\"@type\":\"ListItem\",\"position\":2,\"name\":\"LEI ORG\u00c2NICA NACIONAL\"}]},{\"@type\":\"WebSite\",\"@id\":\"https:\/\/abmes.com.br\/site\/#website\",\"url\":\"https:\/\/abmes.com.br\/site\/\",\"name\":\"ABMES\",\"description\":\"Associa\u00e7\u00e3o dos Bombeiros Militares do ES\",\"publisher\":{\"@id\":\"https:\/\/abmes.com.br\/site\/#organization\"},\"potentialAction\":[{\"@type\":\"SearchAction\",\"target\":{\"@type\":\"EntryPoint\",\"urlTemplate\":\"https:\/\/abmes.com.br\/site\/?s={search_term_string}\"},\"query-input\":{\"@type\":\"PropertyValueSpecification\",\"valueRequired\":true,\"valueName\":\"search_term_string\"}}],\"inLanguage\":\"pt-BR\"},{\"@type\":\"Organization\",\"@id\":\"https:\/\/abmes.com.br\/site\/#organization\",\"name\":\"ABMES\",\"url\":\"https:\/\/abmes.com.br\/site\/\",\"logo\":{\"@type\":\"ImageObject\",\"inLanguage\":\"pt-BR\",\"@id\":\"https:\/\/abmes.com.br\/site\/#\/schema\/logo\/image\/\",\"url\":\"https:\/\/abmes.com.br\/site\/wp-content\/uploads\/2024\/04\/logoam.png\",\"contentUrl\":\"https:\/\/abmes.com.br\/site\/wp-content\/uploads\/2024\/04\/logoam.png\",\"width\":587,\"height\":403,\"caption\":\"ABMES\"},\"image\":{\"@id\":\"https:\/\/abmes.com.br\/site\/#\/schema\/logo\/image\/\"}}]}<\/script>\n<!-- \/ Yoast SEO plugin. -->","yoast_head_json":{"title":"LEI ORG\u00c2NICA NACIONAL - ABMES","robots":{"index":"index","follow":"follow","max-snippet":"max-snippet:-1","max-image-preview":"max-image-preview:large","max-video-preview":"max-video-preview:-1"},"canonical":"https:\/\/abmes.com.br\/site\/destaques-2-2-2-2\/","og_locale":"pt_BR","og_type":"article","og_title":"LEI ORG\u00c2NICA NACIONAL - ABMES","og_description":"LEI ORG\u00c2NICA NACIONALVoc\u00ea tem alguma d\u00favida ou sugest\u00e3o sobre a aplica\u00e7\u00e3o da Lei Org\u00e2nica Nacional (LON)?Use o campo abaixo para [&hellip;]","og_url":"https:\/\/abmes.com.br\/site\/destaques-2-2-2-2\/","og_site_name":"ABMES","article_modified_time":"2024-11-11T14:18:50+00:00","twitter_card":"summary_large_image","schema":{"@context":"https:\/\/schema.org","@graph":[{"@type":"WebPage","@id":"https:\/\/abmes.com.br\/site\/destaques-2-2-2-2\/","url":"https:\/\/abmes.com.br\/site\/destaques-2-2-2-2\/","name":"LEI ORG\u00c2NICA NACIONAL - ABMES","isPartOf":{"@id":"https:\/\/abmes.com.br\/site\/#website"},"datePublished":"2024-11-07T13:25:11+00:00","dateModified":"2024-11-11T14:18:50+00:00","breadcrumb":{"@id":"https:\/\/abmes.com.br\/site\/destaques-2-2-2-2\/#breadcrumb"},"inLanguage":"pt-BR","potentialAction":[{"@type":"ReadAction","target":["https:\/\/abmes.com.br\/site\/destaques-2-2-2-2\/"]}]},{"@type":"BreadcrumbList","@id":"https:\/\/abmes.com.br\/site\/destaques-2-2-2-2\/#breadcrumb","itemListElement":[{"@type":"ListItem","position":1,"name":"In\u00edcio","item":"https:\/\/abmes.com.br\/site\/"},{"@type":"ListItem","position":2,"name":"LEI ORG\u00c2NICA NACIONAL"}]},{"@type":"WebSite","@id":"https:\/\/abmes.com.br\/site\/#website","url":"https:\/\/abmes.com.br\/site\/","name":"ABMES","description":"Associa\u00e7\u00e3o dos Bombeiros Militares do ES","publisher":{"@id":"https:\/\/abmes.com.br\/site\/#organization"},"potentialAction":[{"@type":"SearchAction","target":{"@type":"EntryPoint","urlTemplate":"https:\/\/abmes.com.br\/site\/?s={search_term_string}"},"query-input":{"@type":"PropertyValueSpecification","valueRequired":true,"valueName":"search_term_string"}}],"inLanguage":"pt-BR"},{"@type":"Organization","@id":"https:\/\/abmes.com.br\/site\/#organization","name":"ABMES","url":"https:\/\/abmes.com.br\/site\/","logo":{"@type":"ImageObject","inLanguage":"pt-BR","@id":"https:\/\/abmes.com.br\/site\/#\/schema\/logo\/image\/","url":"https:\/\/abmes.com.br\/site\/wp-content\/uploads\/2024\/04\/logoam.png","contentUrl":"https:\/\/abmes.com.br\/site\/wp-content\/uploads\/2024\/04\/logoam.png","width":587,"height":403,"caption":"ABMES"},"image":{"@id":"https:\/\/abmes.com.br\/site\/#\/schema\/logo\/image\/"}}]}},"_links":{"self":[{"href":"https:\/\/abmes.com.br\/site\/wp-json\/wp\/v2\/pages\/47942","targetHints":{"allow":["GET"]}}],"collection":[{"href":"https:\/\/abmes.com.br\/site\/wp-json\/wp\/v2\/pages"}],"about":[{"href":"https:\/\/abmes.com.br\/site\/wp-json\/wp\/v2\/types\/page"}],"author":[{"embeddable":true,"href":"https:\/\/abmes.com.br\/site\/wp-json\/wp\/v2\/users\/1"}],"replies":[{"embeddable":true,"href":"https:\/\/abmes.com.br\/site\/wp-json\/wp\/v2\/comments?post=47942"}],"version-history":[{"count":10,"href":"https:\/\/abmes.com.br\/site\/wp-json\/wp\/v2\/pages\/47942\/revisions"}],"predecessor-version":[{"id":47978,"href":"https:\/\/abmes.com.br\/site\/wp-json\/wp\/v2\/pages\/47942\/revisions\/47978"}],"wp:attachment":[{"href":"https:\/\/abmes.com.br\/site\/wp-json\/wp\/v2\/media?parent=47942"}],"curies":[{"name":"wp","href":"https:\/\/api.w.org\/{rel}","templated":true}]}}