{"id":47074,"date":"2024-04-14T17:35:05","date_gmt":"2024-04-14T20:35:05","guid":{"rendered":"https:\/\/abmes.com.br\/site\/?page_id=47074"},"modified":"2024-04-14T17:37:35","modified_gmt":"2024-04-14T20:37:35","slug":"destaques-2-2","status":"publish","type":"page","link":"https:\/\/abmes.com.br\/site\/destaques-2-2\/","title":{"rendered":"Jur\u00eddico"},"content":{"rendered":"\t\t<div data-elementor-type=\"wp-page\" data-elementor-id=\"47074\" class=\"elementor elementor-47074\" data-elementor-post-type=\"page\">\n\t\t\t\t<div class=\"elementor-element elementor-element-4df0d1b e-flex e-con-boxed e-con e-parent\" data-id=\"4df0d1b\" data-element_type=\"container\">\n\t\t\t\t\t<div class=\"e-con-inner\">\n\t\t\t\t<div class=\"elementor-element elementor-element-a1d6278 elementor-grid-3 elementor-grid-tablet-2 elementor-grid-mobile-1 elementor-posts--thumbnail-top load-more-align-center elementor-widget elementor-widget-posts\" data-id=\"a1d6278\" data-element_type=\"widget\" data-settings=\"{&quot;pagination_type&quot;:&quot;load_more_on_click&quot;,&quot;classic_columns&quot;:&quot;3&quot;,&quot;classic_columns_tablet&quot;:&quot;2&quot;,&quot;classic_columns_mobile&quot;:&quot;1&quot;,&quot;classic_row_gap&quot;:{&quot;unit&quot;:&quot;px&quot;,&quot;size&quot;:35,&quot;sizes&quot;:[]},&quot;classic_row_gap_tablet&quot;:{&quot;unit&quot;:&quot;px&quot;,&quot;size&quot;:&quot;&quot;,&quot;sizes&quot;:[]},&quot;classic_row_gap_mobile&quot;:{&quot;unit&quot;:&quot;px&quot;,&quot;size&quot;:&quot;&quot;,&quot;sizes&quot;:[]},&quot;load_more_spinner&quot;:{&quot;value&quot;:&quot;fas fa-spinner&quot;,&quot;library&quot;:&quot;fa-solid&quot;}}\" data-widget_type=\"posts.classic\">\n\t\t\t\t<div class=\"elementor-widget-container\">\n\t\t\t<link rel=\"stylesheet\" href=\"https:\/\/abmes.com.br\/site\/wp-content\/plugins\/elementor-pro\/assets\/css\/widget-posts.min.css?ver=1731349946\">\t\t<div class=\"elementor-posts-container elementor-posts elementor-posts--skin-classic elementor-grid\">\n\t\t\t\t<article class=\"elementor-post elementor-grid-item post-47677 post type-post status-publish format-standard has-post-thumbnail hentry category-juridico category-noticias_destaque tag-abmes tag-bombeiro-militar tag-juridico\">\n\t\t\t\t<a class=\"elementor-post__thumbnail__link\" href=\"https:\/\/abmes.com.br\/site\/abmes-realiza-1096-atendimentos-juridicos-de-janeiro-a-julho-com-excelencia-tecnica\/\" tabindex=\"-1\" >\n\t\t\t<div class=\"elementor-post__thumbnail\"><img fetchpriority=\"high\" decoding=\"async\" width=\"300\" height=\"200\" src=\"https:\/\/abmes.com.br\/site\/wp-content\/uploads\/2024\/07\/JUSTICA-300x200.jpg\" class=\"attachment-medium size-medium wp-image-47581\" alt=\"\" srcset=\"https:\/\/abmes.com.br\/site\/wp-content\/uploads\/2024\/07\/JUSTICA-300x200.jpg 300w, https:\/\/abmes.com.br\/site\/wp-content\/uploads\/2024\/07\/JUSTICA.jpg 512w\" sizes=\"(max-width: 300px) 100vw, 300px\" \/><\/div>\n\t\t<\/a>\n\t\t\t\t<div class=\"elementor-post__text\">\n\t\t\t\t<h3 class=\"elementor-post__title\">\n\t\t\t<a href=\"https:\/\/abmes.com.br\/site\/abmes-realiza-1096-atendimentos-juridicos-de-janeiro-a-julho-com-excelencia-tecnica\/\" >\n\t\t\t\tABMES realiza 1096 atendimentos jur\u00eddicos de janeiro a julho com excel\u00eancia t\u00e9cnica\t\t\t<\/a>\n\t\t<\/h3>\n\t\t\t\t<div class=\"elementor-post__meta-data\">\n\t\t\t\t\t<span class=\"elementor-post-date\">\n\t\t\t6 de agosto de 2024\t\t<\/span>\n\t\t\t\t<\/div>\n\t\t\t\t<\/div>\n\t\t\t\t<\/article>\n\t\t\t\t<article class=\"elementor-post elementor-grid-item post-47648 post type-post status-publish format-standard has-post-thumbnail hentry category-juridico category-noticias_destaque tag-abmes tag-cbmes tag-cfo tag-juridico\">\n\t\t\t\t<a class=\"elementor-post__thumbnail__link\" href=\"https:\/\/abmes.com.br\/site\/justica-capixaba-concede-liminares-para-inscricao-no-cfo-a-militares-associados-a-abmes-com-idade-acima-de-28-anos\/\" tabindex=\"-1\" >\n\t\t\t<div class=\"elementor-post__thumbnail\"><img decoding=\"async\" width=\"300\" height=\"201\" src=\"https:\/\/abmes.com.br\/site\/wp-content\/uploads\/2024\/07\/JUSTICA-1-300x201.jpg\" class=\"attachment-medium size-medium wp-image-47649\" alt=\"\" srcset=\"https:\/\/abmes.com.br\/site\/wp-content\/uploads\/2024\/07\/JUSTICA-1-300x201.jpg 300w, https:\/\/abmes.com.br\/site\/wp-content\/uploads\/2024\/07\/JUSTICA-1.jpg 500w\" sizes=\"(max-width: 300px) 100vw, 300px\" \/><\/div>\n\t\t<\/a>\n\t\t\t\t<div class=\"elementor-post__text\">\n\t\t\t\t<h3 class=\"elementor-post__title\">\n\t\t\t<a href=\"https:\/\/abmes.com.br\/site\/justica-capixaba-concede-liminares-para-inscricao-no-cfo-a-militares-associados-a-abmes-com-idade-acima-de-28-anos\/\" >\n\t\t\t\tJusti\u00e7a capixaba concede liminares para inscri\u00e7\u00e3o no CFO a militares associados a ABMES com idade acima de 28 anos\t\t\t<\/a>\n\t\t<\/h3>\n\t\t\t\t<div class=\"elementor-post__meta-data\">\n\t\t\t\t\t<span class=\"elementor-post-date\">\n\t\t\t23 de julho de 2024\t\t<\/span>\n\t\t\t\t<\/div>\n\t\t\t\t<\/div>\n\t\t\t\t<\/article>\n\t\t\t\t<article class=\"elementor-post elementor-grid-item post-47578 post type-post status-publish format-standard has-post-thumbnail hentry category-juridico category-noticias tag-abmes tag-cbmes tag-juridico\">\n\t\t\t\t<a class=\"elementor-post__thumbnail__link\" href=\"https:\/\/abmes.com.br\/site\/entenda-as-condicoes-da-lei-943-que-trata-da-revisao-de-proventos-para-bombeiros-militares\/\" tabindex=\"-1\" >\n\t\t\t<div class=\"elementor-post__thumbnail\"><img fetchpriority=\"high\" decoding=\"async\" width=\"300\" height=\"200\" src=\"https:\/\/abmes.com.br\/site\/wp-content\/uploads\/2024\/07\/JUSTICA-300x200.jpg\" class=\"attachment-medium size-medium wp-image-47581\" alt=\"\" srcset=\"https:\/\/abmes.com.br\/site\/wp-content\/uploads\/2024\/07\/JUSTICA-300x200.jpg 300w, https:\/\/abmes.com.br\/site\/wp-content\/uploads\/2024\/07\/JUSTICA.jpg 512w\" sizes=\"(max-width: 300px) 100vw, 300px\" \/><\/div>\n\t\t<\/a>\n\t\t\t\t<div class=\"elementor-post__text\">\n\t\t\t\t<h3 class=\"elementor-post__title\">\n\t\t\t<a href=\"https:\/\/abmes.com.br\/site\/entenda-as-condicoes-da-lei-943-que-trata-da-revisao-de-proventos-para-bombeiros-militares\/\" >\n\t\t\t\tEntenda as condi\u00e7\u00f5es da Lei 943 que trata da revis\u00e3o de proventos para Bombeiros Militares\t\t\t<\/a>\n\t\t<\/h3>\n\t\t\t\t<div class=\"elementor-post__meta-data\">\n\t\t\t\t\t<span class=\"elementor-post-date\">\n\t\t\t9 de julho de 2024\t\t<\/span>\n\t\t\t\t<\/div>\n\t\t\t\t<\/div>\n\t\t\t\t<\/article>\n\t\t\t\t<article class=\"elementor-post elementor-grid-item post-47301 post type-post status-publish format-standard has-post-thumbnail hentry category-juridico tag-abmes tag-associado tag-bombeiro-militar tag-cbmes tag-juridico tag-justica\">\n\t\t\t\t<a class=\"elementor-post__thumbnail__link\" href=\"https:\/\/abmes.com.br\/site\/soldado-bm-alessandro-gomes-dos-santos-e-reintegrado-ao-cbmes-atraves-do-juridico-da-abmes\/\" tabindex=\"-1\" >\n\t\t\t<div class=\"elementor-post__thumbnail\"><img decoding=\"async\" width=\"228\" height=\"300\" src=\"https:\/\/abmes.com.br\/site\/wp-content\/uploads\/2024\/05\/WhatsApp-Image-2024-05-06-at-09.09.06-228x300.jpeg\" class=\"attachment-medium size-medium wp-image-47302\" alt=\"\" srcset=\"https:\/\/abmes.com.br\/site\/wp-content\/uploads\/2024\/05\/WhatsApp-Image-2024-05-06-at-09.09.06-228x300.jpeg 228w, https:\/\/abmes.com.br\/site\/wp-content\/uploads\/2024\/05\/WhatsApp-Image-2024-05-06-at-09.09.06.jpeg 607w\" sizes=\"(max-width: 228px) 100vw, 228px\" \/><\/div>\n\t\t<\/a>\n\t\t\t\t<div class=\"elementor-post__text\">\n\t\t\t\t<h3 class=\"elementor-post__title\">\n\t\t\t<a href=\"https:\/\/abmes.com.br\/site\/soldado-bm-alessandro-gomes-dos-santos-e-reintegrado-ao-cbmes-atraves-do-juridico-da-abmes\/\" >\n\t\t\t\tSoldado BM Alessandro Gomes dos Santos \u00e9 reintegrado ao CBMES atrav\u00e9s do jur\u00eddico da ABMES\t\t\t<\/a>\n\t\t<\/h3>\n\t\t\t\t<div class=\"elementor-post__meta-data\">\n\t\t\t\t\t<span class=\"elementor-post-date\">\n\t\t\t18 de maio de 2024\t\t<\/span>\n\t\t\t\t<\/div>\n\t\t\t\t<\/div>\n\t\t\t\t<\/article>\n\t\t\t\t<article class=\"elementor-post elementor-grid-item post-674 post type-post status-publish format-standard has-post-thumbnail hentry category-juridico tag-abmes tag-associado tag-bombeiro-militar tag-justica tag-lei\">\n\t\t\t\t<a class=\"elementor-post__thumbnail__link\" href=\"https:\/\/abmes.com.br\/site\/advogado-edirley-dos-santos-de-oliveira-lidera-equipe-em-recorde-de-atendimentos-juridicos-no-primeiro-trimestre-de-2024\/\" tabindex=\"-1\" >\n\t\t\t<div class=\"elementor-post__thumbnail\"><img loading=\"lazy\" decoding=\"async\" width=\"275\" height=\"183\" src=\"https:\/\/abmes.com.br\/site\/wp-content\/uploads\/2024\/04\/JUSTICA.jpg\" class=\"attachment-medium size-medium wp-image-677\" alt=\"\" \/><\/div>\n\t\t<\/a>\n\t\t\t\t<div class=\"elementor-post__text\">\n\t\t\t\t<h3 class=\"elementor-post__title\">\n\t\t\t<a href=\"https:\/\/abmes.com.br\/site\/advogado-edirley-dos-santos-de-oliveira-lidera-equipe-em-recorde-de-atendimentos-juridicos-no-primeiro-trimestre-de-2024\/\" >\n\t\t\t\tAdvogado Edirley dos Santos de Oliveira lidera equipe em recorde de atendimentos jur\u00eddicos no primeiro trimestre de 2024\t\t\t<\/a>\n\t\t<\/h3>\n\t\t\t\t<div class=\"elementor-post__meta-data\">\n\t\t\t\t\t<span class=\"elementor-post-date\">\n\t\t\t5 de abril de 2024\t\t<\/span>\n\t\t\t\t<\/div>\n\t\t\t\t<\/div>\n\t\t\t\t<\/article>\n\t\t\t\t<\/div>\n\t\t\t\t\t<span class=\"e-load-more-spinner\">\n\t\t\t\t<svg aria-hidden=\"true\" class=\"e-font-icon-svg e-fas-spinner\" viewBox=\"0 0 512 512\" xmlns=\"http:\/\/www.w3.org\/2000\/svg\"><path d=\"M304 48c0 26.51-21.49 48-48 48s-48-21.49-48-48 21.49-48 48-48 48 21.49 48 48zm-48 368c-26.51 0-48 21.49-48 48s21.49 48 48 48 48-21.49 48-48-21.49-48-48-48zm208-208c-26.51 0-48 21.49-48 48s21.49 48 48 48 48-21.49 48-48-21.49-48-48-48zM96 256c0-26.51-21.49-48-48-48S0 229.49 0 256s21.49 48 48 48 48-21.49 48-48zm12.922 99.078c-26.51 0-48 21.49-48 48s21.49 48 48 48 48-21.49 48-48c0-26.509-21.491-48-48-48zm294.156 0c-26.51 0-48 21.49-48 48s21.49 48 48 48 48-21.49 48-48c0-26.509-21.49-48-48-48zM108.922 60.922c-26.51 0-48 21.49-48 48s21.49 48 48 48 48-21.49 48-48-21.491-48-48-48z\"><\/path><\/svg>\t\t\t<\/span>\n\t\t\n\t\t\t\t<\/div>\n\t\t\t\t<\/div>\n\t\t\t\t\t<\/div>\n\t\t\t\t<\/div>\n\t\t\t\t<\/div>\n\t\t","protected":false},"excerpt":{"rendered":"","protected":false},"author":1,"featured_media":0,"parent":0,"menu_order":0,"comment_status":"closed","ping_status":"closed","template":"","meta":{"_acf_changed":false,"site-sidebar-layout":"no-sidebar","site-content-layout":"","ast-site-content-layout":"full-width-container","site-content-style":"default","site-sidebar-style":"default","ast-global-header-display":"","ast-banner-title-visibility":"","ast-main-header-display":"","ast-hfb-above-header-display":"","ast-hfb-below-header-display":"","ast-hfb-mobile-header-display":"","site-post-title":"disabled","ast-breadcrumbs-content":"","ast-featured-img":"disabled","footer-sml-layout":"","theme-transparent-header-meta":"","adv-header-id-meta":"","stick-header-meta":"","header-above-stick-meta":"","header-main-stick-meta":"","header-below-stick-meta":"","astra-migrate-meta-layouts":"default","ast-page-background-enabled":"default","ast-page-background-meta":{"desktop":{"background-color":"var(--ast-global-color-4)","background-image":"","background-repeat":"repeat","background-position":"center center","background-size":"auto","background-attachment":"scroll","background-type":"","background-media":"","overlay-type":"","overlay-color":"","overlay-gradient":""},"tablet":{"background-color":"","background-image":"","background-repeat":"repeat","background-position":"center center","background-size":"auto","background-attachment":"scroll","background-type":"","background-media":"","overlay-type":"","overlay-color":"","overlay-gradient":""},"mobile":{"background-color":"","background-image":"","background-repeat":"repeat","background-position":"center center","background-size":"auto","background-attachment":"scroll","background-type":"","background-media":"","overlay-type":"","overlay-color":"","overlay-gradient":""}},"ast-content-background-meta":{"desktop":{"background-color":"var(--ast-global-color-5)","background-image":"","background-repeat":"repeat","background-position":"center center","background-size":"auto","background-attachment":"scroll","background-type":"","background-media":"","overlay-type":"","overlay-color":"","overlay-gradient":""},"tablet":{"background-color":"var(--ast-global-color-5)","background-image":"","background-repeat":"repeat","background-position":"center center","background-size":"auto","background-attachment":"scroll","background-type":"","background-media":"","overlay-type":"","overlay-color":"","overlay-gradient":""},"mobile":{"background-color":"var(--ast-global-color-5)","background-image":"","background-repeat":"repeat","background-position":"center center","background-size":"auto","background-attachment":"scroll","background-type":"","background-media":"","overlay-type":"","overlay-color":"","overlay-gradient":""}},"footnotes":""},"class_list":["post-47074","page","type-page","status-publish","hentry"],"acf":[],"yoast_head":"<!-- This site is optimized with the Yoast SEO plugin v26.6 - https:\/\/yoast.com\/wordpress\/plugins\/seo\/ -->\n<title>Jur\u00eddico - ABMES<\/title>\n<meta name=\"robots\" content=\"index, follow, max-snippet:-1, max-image-preview:large, max-video-preview:-1\" \/>\n<link rel=\"canonical\" href=\"https:\/\/abmes.com.br\/site\/destaques-2-2\/\" \/>\n<meta property=\"og:locale\" content=\"pt_BR\" \/>\n<meta property=\"og:type\" content=\"article\" \/>\n<meta property=\"og:title\" content=\"Jur\u00eddico - ABMES\" \/>\n<meta property=\"og:url\" content=\"https:\/\/abmes.com.br\/site\/destaques-2-2\/\" \/>\n<meta property=\"og:site_name\" content=\"ABMES\" \/>\n<meta property=\"article:modified_time\" content=\"2024-04-14T20:37:35+00:00\" \/>\n<meta name=\"twitter:card\" content=\"summary_large_image\" \/>\n<script type=\"application\/ld+json\" class=\"yoast-schema-graph\">{\"@context\":\"https:\/\/schema.org\",\"@graph\":[{\"@type\":\"WebPage\",\"@id\":\"https:\/\/abmes.com.br\/site\/destaques-2-2\/\",\"url\":\"https:\/\/abmes.com.br\/site\/destaques-2-2\/\",\"name\":\"Jur\u00eddico - ABMES\",\"isPartOf\":{\"@id\":\"https:\/\/abmes.com.br\/site\/#website\"},\"datePublished\":\"2024-04-14T20:35:05+00:00\",\"dateModified\":\"2024-04-14T20:37:35+00:00\",\"breadcrumb\":{\"@id\":\"https:\/\/abmes.com.br\/site\/destaques-2-2\/#breadcrumb\"},\"inLanguage\":\"pt-BR\",\"potentialAction\":[{\"@type\":\"ReadAction\",\"target\":[\"https:\/\/abmes.com.br\/site\/destaques-2-2\/\"]}]},{\"@type\":\"BreadcrumbList\",\"@id\":\"https:\/\/abmes.com.br\/site\/destaques-2-2\/#breadcrumb\",\"itemListElement\":[{\"@type\":\"ListItem\",\"position\":1,\"name\":\"In\u00edcio\",\"item\":\"https:\/\/abmes.com.br\/site\/\"},{\"@type\":\"ListItem\",\"position\":2,\"name\":\"Jur\u00eddico\"}]},{\"@type\":\"WebSite\",\"@id\":\"https:\/\/abmes.com.br\/site\/#website\",\"url\":\"https:\/\/abmes.com.br\/site\/\",\"name\":\"ABMES\",\"description\":\"Associa\u00e7\u00e3o dos Bombeiros Militares do ES\",\"publisher\":{\"@id\":\"https:\/\/abmes.com.br\/site\/#organization\"},\"potentialAction\":[{\"@type\":\"SearchAction\",\"target\":{\"@type\":\"EntryPoint\",\"urlTemplate\":\"https:\/\/abmes.com.br\/site\/?s={search_term_string}\"},\"query-input\":{\"@type\":\"PropertyValueSpecification\",\"valueRequired\":true,\"valueName\":\"search_term_string\"}}],\"inLanguage\":\"pt-BR\"},{\"@type\":\"Organization\",\"@id\":\"https:\/\/abmes.com.br\/site\/#organization\",\"name\":\"ABMES\",\"url\":\"https:\/\/abmes.com.br\/site\/\",\"logo\":{\"@type\":\"ImageObject\",\"inLanguage\":\"pt-BR\",\"@id\":\"https:\/\/abmes.com.br\/site\/#\/schema\/logo\/image\/\",\"url\":\"https:\/\/abmes.com.br\/site\/wp-content\/uploads\/2024\/04\/logoam.png\",\"contentUrl\":\"https:\/\/abmes.com.br\/site\/wp-content\/uploads\/2024\/04\/logoam.png\",\"width\":587,\"height\":403,\"caption\":\"ABMES\"},\"image\":{\"@id\":\"https:\/\/abmes.com.br\/site\/#\/schema\/logo\/image\/\"}}]}<\/script>\n<!-- \/ Yoast SEO plugin. -->","yoast_head_json":{"title":"Jur\u00eddico - ABMES","robots":{"index":"index","follow":"follow","max-snippet":"max-snippet:-1","max-image-preview":"max-image-preview:large","max-video-preview":"max-video-preview:-1"},"canonical":"https:\/\/abmes.com.br\/site\/destaques-2-2\/","og_locale":"pt_BR","og_type":"article","og_title":"Jur\u00eddico - ABMES","og_url":"https:\/\/abmes.com.br\/site\/destaques-2-2\/","og_site_name":"ABMES","article_modified_time":"2024-04-14T20:37:35+00:00","twitter_card":"summary_large_image","schema":{"@context":"https:\/\/schema.org","@graph":[{"@type":"WebPage","@id":"https:\/\/abmes.com.br\/site\/destaques-2-2\/","url":"https:\/\/abmes.com.br\/site\/destaques-2-2\/","name":"Jur\u00eddico - ABMES","isPartOf":{"@id":"https:\/\/abmes.com.br\/site\/#website"},"datePublished":"2024-04-14T20:35:05+00:00","dateModified":"2024-04-14T20:37:35+00:00","breadcrumb":{"@id":"https:\/\/abmes.com.br\/site\/destaques-2-2\/#breadcrumb"},"inLanguage":"pt-BR","potentialAction":[{"@type":"ReadAction","target":["https:\/\/abmes.com.br\/site\/destaques-2-2\/"]}]},{"@type":"BreadcrumbList","@id":"https:\/\/abmes.com.br\/site\/destaques-2-2\/#breadcrumb","itemListElement":[{"@type":"ListItem","position":1,"name":"In\u00edcio","item":"https:\/\/abmes.com.br\/site\/"},{"@type":"ListItem","position":2,"name":"Jur\u00eddico"}]},{"@type":"WebSite","@id":"https:\/\/abmes.com.br\/site\/#website","url":"https:\/\/abmes.com.br\/site\/","name":"ABMES","description":"Associa\u00e7\u00e3o dos Bombeiros Militares do ES","publisher":{"@id":"https:\/\/abmes.com.br\/site\/#organization"},"potentialAction":[{"@type":"SearchAction","target":{"@type":"EntryPoint","urlTemplate":"https:\/\/abmes.com.br\/site\/?s={search_term_string}"},"query-input":{"@type":"PropertyValueSpecification","valueRequired":true,"valueName":"search_term_string"}}],"inLanguage":"pt-BR"},{"@type":"Organization","@id":"https:\/\/abmes.com.br\/site\/#organization","name":"ABMES","url":"https:\/\/abmes.com.br\/site\/","logo":{"@type":"ImageObject","inLanguage":"pt-BR","@id":"https:\/\/abmes.com.br\/site\/#\/schema\/logo\/image\/","url":"https:\/\/abmes.com.br\/site\/wp-content\/uploads\/2024\/04\/logoam.png","contentUrl":"https:\/\/abmes.com.br\/site\/wp-content\/uploads\/2024\/04\/logoam.png","width":587,"height":403,"caption":"ABMES"},"image":{"@id":"https:\/\/abmes.com.br\/site\/#\/schema\/logo\/image\/"}}]}},"_links":{"self":[{"href":"https:\/\/abmes.com.br\/site\/wp-json\/wp\/v2\/pages\/47074","targetHints":{"allow":["GET"]}}],"collection":[{"href":"https:\/\/abmes.com.br\/site\/wp-json\/wp\/v2\/pages"}],"about":[{"href":"https:\/\/abmes.com.br\/site\/wp-json\/wp\/v2\/types\/page"}],"author":[{"embeddable":true,"href":"https:\/\/abmes.com.br\/site\/wp-json\/wp\/v2\/users\/1"}],"replies":[{"embeddable":true,"href":"https:\/\/abmes.com.br\/site\/wp-json\/wp\/v2\/comments?post=47074"}],"version-history":[{"count":4,"href":"https:\/\/abmes.com.br\/site\/wp-json\/wp\/v2\/pages\/47074\/revisions"}],"predecessor-version":[{"id":47089,"href":"https:\/\/abmes.com.br\/site\/wp-json\/wp\/v2\/pages\/47074\/revisions\/47089"}],"wp:attachment":[{"href":"https:\/\/abmes.com.br\/site\/wp-json\/wp\/v2\/media?parent=47074"}],"curies":[{"name":"wp","href":"https:\/\/api.w.org\/{rel}","templated":true}]}}