{"id":47035,"date":"2024-04-13T21:34:29","date_gmt":"2024-04-14T00:34:29","guid":{"rendered":"https:\/\/abmes.com.br\/site\/?page_id=47035"},"modified":"2024-04-13T21:35:25","modified_gmt":"2024-04-14T00:35:25","slug":"destaques","status":"publish","type":"page","link":"https:\/\/abmes.com.br\/site\/destaques\/","title":{"rendered":"Destaques"},"content":{"rendered":"\t\t<div data-elementor-type=\"wp-page\" data-elementor-id=\"47035\" class=\"elementor elementor-47035\" data-elementor-post-type=\"page\">\n\t\t\t\t<div class=\"elementor-element elementor-element-4df0d1b e-flex e-con-boxed e-con e-parent\" data-id=\"4df0d1b\" data-element_type=\"container\">\n\t\t\t\t\t<div class=\"e-con-inner\">\n\t\t\t\t<div class=\"elementor-element elementor-element-a1d6278 elementor-grid-3 elementor-grid-tablet-2 elementor-grid-mobile-1 elementor-posts--thumbnail-top load-more-align-center elementor-widget elementor-widget-posts\" data-id=\"a1d6278\" data-element_type=\"widget\" data-settings=\"{&quot;pagination_type&quot;:&quot;load_more_on_click&quot;,&quot;classic_columns&quot;:&quot;3&quot;,&quot;classic_columns_tablet&quot;:&quot;2&quot;,&quot;classic_columns_mobile&quot;:&quot;1&quot;,&quot;classic_row_gap&quot;:{&quot;unit&quot;:&quot;px&quot;,&quot;size&quot;:35,&quot;sizes&quot;:[]},&quot;classic_row_gap_tablet&quot;:{&quot;unit&quot;:&quot;px&quot;,&quot;size&quot;:&quot;&quot;,&quot;sizes&quot;:[]},&quot;classic_row_gap_mobile&quot;:{&quot;unit&quot;:&quot;px&quot;,&quot;size&quot;:&quot;&quot;,&quot;sizes&quot;:[]},&quot;load_more_spinner&quot;:{&quot;value&quot;:&quot;fas fa-spinner&quot;,&quot;library&quot;:&quot;fa-solid&quot;}}\" data-widget_type=\"posts.classic\">\n\t\t\t\t<div class=\"elementor-widget-container\">\n\t\t\t<link rel=\"stylesheet\" href=\"https:\/\/abmes.com.br\/site\/wp-content\/plugins\/elementor-pro\/assets\/css\/widget-posts.min.css?ver=1731349946\">\t\t<div class=\"elementor-posts-container elementor-posts elementor-posts--skin-classic elementor-grid\">\n\t\t\t\t<article class=\"elementor-post elementor-grid-item post-60926 post type-post status-publish format-standard has-post-thumbnail hentry category-noticias category-noticias_destaque\">\n\t\t\t\t<a class=\"elementor-post__thumbnail__link\" href=\"https:\/\/abmes.com.br\/site\/entre-o-destino-e-o-futuro-um-retrospecto-das-carreiras-militares-estaduais\/\" tabindex=\"-1\" >\n\t\t\t<div class=\"elementor-post__thumbnail\"><img fetchpriority=\"high\" decoding=\"async\" width=\"225\" height=\"300\" src=\"https:\/\/abmes.com.br\/site\/wp-content\/uploads\/2026\/02\/modelo-bomb-artes44-225x300.png\" class=\"attachment-medium size-medium wp-image-60943\" alt=\"\" srcset=\"https:\/\/abmes.com.br\/site\/wp-content\/uploads\/2026\/02\/modelo-bomb-artes44-225x300.png 225w, https:\/\/abmes.com.br\/site\/wp-content\/uploads\/2026\/02\/modelo-bomb-artes44-768x1024.png 768w, https:\/\/abmes.com.br\/site\/wp-content\/uploads\/2026\/02\/modelo-bomb-artes44.png 1080w\" sizes=\"(max-width: 225px) 100vw, 225px\" \/><\/div>\n\t\t<\/a>\n\t\t\t\t<div class=\"elementor-post__text\">\n\t\t\t\t<h3 class=\"elementor-post__title\">\n\t\t\t<a href=\"https:\/\/abmes.com.br\/site\/entre-o-destino-e-o-futuro-um-retrospecto-das-carreiras-militares-estaduais\/\" >\n\t\t\t\tEntre o Destino e o Futuro: Um Retrospecto das Carreiras Militares Estaduais\t\t\t<\/a>\n\t\t<\/h3>\n\t\t\t\t<div class=\"elementor-post__meta-data\">\n\t\t\t\t\t<span class=\"elementor-post-date\">\n\t\t\t23 de fevereiro de 2026\t\t<\/span>\n\t\t\t\t<\/div>\n\t\t\t\t<\/div>\n\t\t\t\t<\/article>\n\t\t\t\t<article class=\"elementor-post elementor-grid-item post-49492 post type-post status-publish format-standard has-post-thumbnail hentry category-noticias category-noticias_destaque tag-ales tag-bombeiro-militar tag-casagrande tag-cbmes-2 tag-pmes tag-policia-militar-2\">\n\t\t\t\t<a class=\"elementor-post__thumbnail__link\" href=\"https:\/\/abmes.com.br\/site\/militares-estaduais-espirito-santo-cobram-valorizacao-salarial-ales\/\" tabindex=\"-1\" >\n\t\t\t<div class=\"elementor-post__thumbnail\"><img decoding=\"async\" width=\"300\" height=\"169\" src=\"https:\/\/abmes.com.br\/site\/wp-content\/uploads\/2026\/02\/IMG_3880-1-300x169.jpg\" class=\"attachment-medium size-medium wp-image-49497\" alt=\"\" srcset=\"https:\/\/abmes.com.br\/site\/wp-content\/uploads\/2026\/02\/IMG_3880-1-300x169.jpg 300w, https:\/\/abmes.com.br\/site\/wp-content\/uploads\/2026\/02\/IMG_3880-1-1024x576.jpg 1024w, https:\/\/abmes.com.br\/site\/wp-content\/uploads\/2026\/02\/IMG_3880-1-768x432.jpg 768w, https:\/\/abmes.com.br\/site\/wp-content\/uploads\/2026\/02\/IMG_3880-1-1536x864.jpg 1536w, https:\/\/abmes.com.br\/site\/wp-content\/uploads\/2026\/02\/IMG_3880-1-2048x1152.jpg 2048w\" sizes=\"(max-width: 300px) 100vw, 300px\" \/><\/div>\n\t\t<\/a>\n\t\t\t\t<div class=\"elementor-post__text\">\n\t\t\t\t<h3 class=\"elementor-post__title\">\n\t\t\t<a href=\"https:\/\/abmes.com.br\/site\/militares-estaduais-espirito-santo-cobram-valorizacao-salarial-ales\/\" >\n\t\t\t\tMilitares estaduais cobram isonomia e valoriza\u00e7\u00e3o salarial na Assembleia Legislativa do ES\t\t\t<\/a>\n\t\t<\/h3>\n\t\t\t\t<div class=\"elementor-post__meta-data\">\n\t\t\t\t\t<span class=\"elementor-post-date\">\n\t\t\t12 de fevereiro de 2026\t\t<\/span>\n\t\t\t\t<\/div>\n\t\t\t\t<\/div>\n\t\t\t\t<\/article>\n\t\t\t\t<article class=\"elementor-post elementor-grid-item post-48570 post type-post status-publish format-standard has-post-thumbnail hentry category-noticias category-noticias_destaque\">\n\t\t\t\t<a class=\"elementor-post__thumbnail__link\" href=\"https:\/\/abmes.com.br\/site\/projeto-politico-militar-reforca-dialogo-com-senador-fabiano-contarato-sobre-pautas-estrategicas-para-as-forcas-de-seguranca\/\" tabindex=\"-1\" >\n\t\t\t<div class=\"elementor-post__thumbnail\"><img decoding=\"async\" width=\"169\" height=\"300\" src=\"https:\/\/abmes.com.br\/site\/wp-content\/uploads\/2025\/09\/WhatsApp-Image-2025-09-19-at-15.18.21-169x300.jpeg\" class=\"attachment-medium size-medium wp-image-48571\" alt=\"\" srcset=\"https:\/\/abmes.com.br\/site\/wp-content\/uploads\/2025\/09\/WhatsApp-Image-2025-09-19-at-15.18.21-169x300.jpeg 169w, https:\/\/abmes.com.br\/site\/wp-content\/uploads\/2025\/09\/WhatsApp-Image-2025-09-19-at-15.18.21-576x1024.jpeg 576w, https:\/\/abmes.com.br\/site\/wp-content\/uploads\/2025\/09\/WhatsApp-Image-2025-09-19-at-15.18.21-768x1365.jpeg 768w, https:\/\/abmes.com.br\/site\/wp-content\/uploads\/2025\/09\/WhatsApp-Image-2025-09-19-at-15.18.21-864x1536.jpeg 864w, https:\/\/abmes.com.br\/site\/wp-content\/uploads\/2025\/09\/WhatsApp-Image-2025-09-19-at-15.18.21-1152x2048.jpeg 1152w, https:\/\/abmes.com.br\/site\/wp-content\/uploads\/2025\/09\/WhatsApp-Image-2025-09-19-at-15.18.21-scaled.jpeg 1440w\" sizes=\"(max-width: 169px) 100vw, 169px\" \/><\/div>\n\t\t<\/a>\n\t\t\t\t<div class=\"elementor-post__text\">\n\t\t\t\t<h3 class=\"elementor-post__title\">\n\t\t\t<a href=\"https:\/\/abmes.com.br\/site\/projeto-politico-militar-reforca-dialogo-com-senador-fabiano-contarato-sobre-pautas-estrategicas-para-as-forcas-de-seguranca\/\" >\n\t\t\t\tProjeto Pol\u00edtico Militar refor\u00e7a di\u00e1logo com senador Fabiano Contarato sobre pautas estrat\u00e9gicas para as for\u00e7as de seguran\u00e7a\t\t\t<\/a>\n\t\t<\/h3>\n\t\t\t\t<div class=\"elementor-post__meta-data\">\n\t\t\t\t\t<span class=\"elementor-post-date\">\n\t\t\t19 de setembro de 2025\t\t<\/span>\n\t\t\t\t<\/div>\n\t\t\t\t<\/div>\n\t\t\t\t<\/article>\n\t\t\t\t<article class=\"elementor-post elementor-grid-item post-48553 post type-post status-publish format-standard has-post-thumbnail hentry category-noticias category-noticias_destaque\">\n\t\t\t\t<a class=\"elementor-post__thumbnail__link\" href=\"https:\/\/abmes.com.br\/site\/conheca-os-principais-topicos-da-reuniao-das-associacoes-militares-com-a-secretaria-da-casa-civil\/\" tabindex=\"-1\" >\n\t\t\t<div class=\"elementor-post__thumbnail\"><img loading=\"lazy\" decoding=\"async\" width=\"300\" height=\"300\" src=\"https:\/\/abmes.com.br\/site\/wp-content\/uploads\/2025\/09\/capa-site-300x300.jpg\" class=\"attachment-medium size-medium wp-image-48558\" alt=\"\" srcset=\"https:\/\/abmes.com.br\/site\/wp-content\/uploads\/2025\/09\/capa-site-300x300.jpg 300w, https:\/\/abmes.com.br\/site\/wp-content\/uploads\/2025\/09\/capa-site-1024x1024.jpg 1024w, https:\/\/abmes.com.br\/site\/wp-content\/uploads\/2025\/09\/capa-site-150x150.jpg 150w, https:\/\/abmes.com.br\/site\/wp-content\/uploads\/2025\/09\/capa-site-768x768.jpg 768w, https:\/\/abmes.com.br\/site\/wp-content\/uploads\/2025\/09\/capa-site.jpg 1080w\" sizes=\"(max-width: 300px) 100vw, 300px\" \/><\/div>\n\t\t<\/a>\n\t\t\t\t<div class=\"elementor-post__text\">\n\t\t\t\t<h3 class=\"elementor-post__title\">\n\t\t\t<a href=\"https:\/\/abmes.com.br\/site\/conheca-os-principais-topicos-da-reuniao-das-associacoes-militares-com-a-secretaria-da-casa-civil\/\" >\n\t\t\t\tCONHE\u00c7A OS PRINCIPAIS T\u00d3PICOS DA REUNI\u00c3O DAS ASSOCIA\u00c7\u00d5ES MILITARES COM A SECRETARIA DA CASA CIVIL.\t\t\t<\/a>\n\t\t<\/h3>\n\t\t\t\t<div class=\"elementor-post__meta-data\">\n\t\t\t\t\t<span class=\"elementor-post-date\">\n\t\t\t12 de setembro de 2025\t\t<\/span>\n\t\t\t\t<\/div>\n\t\t\t\t<\/div>\n\t\t\t\t<\/article>\n\t\t\t\t<article class=\"elementor-post elementor-grid-item post-48328 post type-post status-publish format-standard has-post-thumbnail hentry category-noticias_destaque\">\n\t\t\t\t<a class=\"elementor-post__thumbnail__link\" href=\"https:\/\/abmes.com.br\/site\/convenio-da-abmes-com-a-protevix-protecao-automativa-garante-descontos-e-beneficios-exclusivos-para-os-associados\/\" tabindex=\"-1\" >\n\t\t\t<div class=\"elementor-post__thumbnail\"><img loading=\"lazy\" decoding=\"async\" width=\"240\" height=\"300\" src=\"https:\/\/abmes.com.br\/site\/wp-content\/uploads\/2025\/02\/WhatsApp-Image-2025-02-22-at-11.25.10-240x300.jpeg\" class=\"attachment-medium size-medium wp-image-48329\" alt=\"\" srcset=\"https:\/\/abmes.com.br\/site\/wp-content\/uploads\/2025\/02\/WhatsApp-Image-2025-02-22-at-11.25.10-240x300.jpeg 240w, https:\/\/abmes.com.br\/site\/wp-content\/uploads\/2025\/02\/WhatsApp-Image-2025-02-22-at-11.25.10-819x1024.jpeg 819w, https:\/\/abmes.com.br\/site\/wp-content\/uploads\/2025\/02\/WhatsApp-Image-2025-02-22-at-11.25.10-768x960.jpeg 768w, https:\/\/abmes.com.br\/site\/wp-content\/uploads\/2025\/02\/WhatsApp-Image-2025-02-22-at-11.25.10.jpeg 1024w\" sizes=\"(max-width: 240px) 100vw, 240px\" \/><\/div>\n\t\t<\/a>\n\t\t\t\t<div class=\"elementor-post__text\">\n\t\t\t\t<h3 class=\"elementor-post__title\">\n\t\t\t<a href=\"https:\/\/abmes.com.br\/site\/convenio-da-abmes-com-a-protevix-protecao-automativa-garante-descontos-e-beneficios-exclusivos-para-os-associados\/\" >\n\t\t\t\tConv\u00eanio da ABMES com a Protevix Prote\u00e7\u00e3o Automativa garante descontos e benef\u00edcios exclusivos para os associados\t\t\t<\/a>\n\t\t<\/h3>\n\t\t\t\t<div class=\"elementor-post__meta-data\">\n\t\t\t\t\t<span class=\"elementor-post-date\">\n\t\t\t28 de fevereiro de 2025\t\t<\/span>\n\t\t\t\t<\/div>\n\t\t\t\t<\/div>\n\t\t\t\t<\/article>\n\t\t\t\t<article class=\"elementor-post elementor-grid-item post-48301 post type-post status-publish format-standard has-post-thumbnail hentry category-noticias_destaque\">\n\t\t\t\t<a class=\"elementor-post__thumbnail__link\" href=\"https:\/\/abmes.com.br\/site\/abmes-firma-convenio-com-ica-saude-que-pode-garantir-reembolso-de-ate-r-200-em-medicamentos-genericos\/\" tabindex=\"-1\" >\n\t\t\t<div class=\"elementor-post__thumbnail\"><img loading=\"lazy\" decoding=\"async\" width=\"240\" height=\"300\" src=\"https:\/\/abmes.com.br\/site\/wp-content\/uploads\/2025\/02\/WhatsApp-Image-2025-02-19-at-12.00.18-240x300.jpeg\" class=\"attachment-medium size-medium wp-image-48302\" alt=\"\" srcset=\"https:\/\/abmes.com.br\/site\/wp-content\/uploads\/2025\/02\/WhatsApp-Image-2025-02-19-at-12.00.18-240x300.jpeg 240w, https:\/\/abmes.com.br\/site\/wp-content\/uploads\/2025\/02\/WhatsApp-Image-2025-02-19-at-12.00.18-819x1024.jpeg 819w, https:\/\/abmes.com.br\/site\/wp-content\/uploads\/2025\/02\/WhatsApp-Image-2025-02-19-at-12.00.18-768x960.jpeg 768w, https:\/\/abmes.com.br\/site\/wp-content\/uploads\/2025\/02\/WhatsApp-Image-2025-02-19-at-12.00.18.jpeg 1080w\" sizes=\"(max-width: 240px) 100vw, 240px\" \/><\/div>\n\t\t<\/a>\n\t\t\t\t<div class=\"elementor-post__text\">\n\t\t\t\t<h3 class=\"elementor-post__title\">\n\t\t\t<a href=\"https:\/\/abmes.com.br\/site\/abmes-firma-convenio-com-ica-saude-que-pode-garantir-reembolso-de-ate-r-200-em-medicamentos-genericos\/\" >\n\t\t\t\tABMES firma conv\u00eanio com ICA + Sa\u00fade que pode garantir reembolso de at\u00e9 R$ 200 em medicamentos gen\u00e9ricos\t\t\t<\/a>\n\t\t<\/h3>\n\t\t\t\t<div class=\"elementor-post__meta-data\">\n\t\t\t\t\t<span class=\"elementor-post-date\">\n\t\t\t19 de fevereiro de 2025\t\t<\/span>\n\t\t\t\t<\/div>\n\t\t\t\t<\/div>\n\t\t\t\t<\/article>\n\t\t\t\t<\/div>\n\t\t\t\t\t<span class=\"e-load-more-spinner\">\n\t\t\t\t<svg aria-hidden=\"true\" class=\"e-font-icon-svg e-fas-spinner\" viewBox=\"0 0 512 512\" xmlns=\"http:\/\/www.w3.org\/2000\/svg\"><path d=\"M304 48c0 26.51-21.49 48-48 48s-48-21.49-48-48 21.49-48 48-48 48 21.49 48 48zm-48 368c-26.51 0-48 21.49-48 48s21.49 48 48 48 48-21.49 48-48-21.49-48-48-48zm208-208c-26.51 0-48 21.49-48 48s21.49 48 48 48 48-21.49 48-48-21.49-48-48-48zM96 256c0-26.51-21.49-48-48-48S0 229.49 0 256s21.49 48 48 48 48-21.49 48-48zm12.922 99.078c-26.51 0-48 21.49-48 48s21.49 48 48 48 48-21.49 48-48c0-26.509-21.491-48-48-48zm294.156 0c-26.51 0-48 21.49-48 48s21.49 48 48 48 48-21.49 48-48c0-26.509-21.49-48-48-48zM108.922 60.922c-26.51 0-48 21.49-48 48s21.49 48 48 48 48-21.49 48-48-21.491-48-48-48z\"><\/path><\/svg>\t\t\t<\/span>\n\t\t\n\t\t\t\t<div class=\"e-load-more-anchor\" data-page=\"1\" data-max-page=\"12\" data-next-page=\"https:\/\/abmes.com.br\/site\/wp-json\/wp\/v2\/pages\/47035\/page\/2\/\"><\/div>\n\t\t\t\t<div class=\"elementor-button-wrapper\">\n\t\t\t<a href=\"#\" class=\"elementor-button-link elementor-button\" role=\"button\">\n\t\t\t\t\t\t<span class=\"elementor-button-content-wrapper\">\n\t\t\t\t\t\t\t<span class=\"elementor-button-icon\">\n\t\t\t\t<svg aria-hidden=\"true\" class=\"e-font-icon-svg e-far-newspaper\" viewBox=\"0 0 576 512\" xmlns=\"http:\/\/www.w3.org\/2000\/svg\"><path d=\"M552 64H112c-20.858 0-38.643 13.377-45.248 32H24c-13.255 0-24 10.745-24 24v272c0 30.928 25.072 56 56 56h496c13.255 0 24-10.745 24-24V88c0-13.255-10.745-24-24-24zM48 392V144h16v248c0 4.411-3.589 8-8 8s-8-3.589-8-8zm480 8H111.422c.374-2.614.578-5.283.578-8V112h416v288zM172 280h136c6.627 0 12-5.373 12-12v-96c0-6.627-5.373-12-12-12H172c-6.627 0-12 5.373-12 12v96c0 6.627 5.373 12 12 12zm28-80h80v40h-80v-40zm-40 140v-24c0-6.627 5.373-12 12-12h136c6.627 0 12 5.373 12 12v24c0 6.627-5.373 12-12 12H172c-6.627 0-12-5.373-12-12zm192 0v-24c0-6.627 5.373-12 12-12h104c6.627 0 12 5.373 12 12v24c0 6.627-5.373 12-12 12H364c-6.627 0-12-5.373-12-12zm0-144v-24c0-6.627 5.373-12 12-12h104c6.627 0 12 5.373 12 12v24c0 6.627-5.373 12-12 12H364c-6.627 0-12-5.373-12-12zm0 72v-24c0-6.627 5.373-12 12-12h104c6.627 0 12 5.373 12 12v24c0 6.627-5.373 12-12 12H364c-6.627 0-12-5.373-12-12z\"><\/path><\/svg>\t\t\t<\/span>\n\t\t\t\t\t\t\t\t\t<span class=\"elementor-button-text\">Veja Mais<\/span>\n\t\t\t\t\t<\/span>\n\t\t\t\t\t<\/a>\n\t\t<\/div>\n\t\t\t\t<div class=\"e-load-more-message\"><\/div>\n\t\t\t\t<\/div>\n\t\t\t\t<\/div>\n\t\t\t\t\t<\/div>\n\t\t\t\t<\/div>\n\t\t\t\t<\/div>\n\t\t","protected":false},"excerpt":{"rendered":"","protected":false},"author":1,"featured_media":0,"parent":0,"menu_order":0,"comment_status":"closed","ping_status":"closed","template":"","meta":{"_acf_changed":false,"site-sidebar-layout":"no-sidebar","site-content-layout":"","ast-site-content-layout":"full-width-container","site-content-style":"default","site-sidebar-style":"default","ast-global-header-display":"","ast-banner-title-visibility":"","ast-main-header-display":"","ast-hfb-above-header-display":"","ast-hfb-below-header-display":"","ast-hfb-mobile-header-display":"","site-post-title":"disabled","ast-breadcrumbs-content":"","ast-featured-img":"disabled","footer-sml-layout":"","theme-transparent-header-meta":"","adv-header-id-meta":"","stick-header-meta":"","header-above-stick-meta":"","header-main-stick-meta":"","header-below-stick-meta":"","astra-migrate-meta-layouts":"default","ast-page-background-enabled":"default","ast-page-background-meta":{"desktop":{"background-color":"var(--ast-global-color-4)","background-image":"","background-repeat":"repeat","background-position":"center center","background-size":"auto","background-attachment":"scroll","background-type":"","background-media":"","overlay-type":"","overlay-color":"","overlay-gradient":""},"tablet":{"background-color":"","background-image":"","background-repeat":"repeat","background-position":"center center","background-size":"auto","background-attachment":"scroll","background-type":"","background-media":"","overlay-type":"","overlay-color":"","overlay-gradient":""},"mobile":{"background-color":"","background-image":"","background-repeat":"repeat","background-position":"center center","background-size":"auto","background-attachment":"scroll","background-type":"","background-media":"","overlay-type":"","overlay-color":"","overlay-gradient":""}},"ast-content-background-meta":{"desktop":{"background-color":"var(--ast-global-color-5)","background-image":"","background-repeat":"repeat","background-position":"center center","background-size":"auto","background-attachment":"scroll","background-type":"","background-media":"","overlay-type":"","overlay-color":"","overlay-gradient":""},"tablet":{"background-color":"var(--ast-global-color-5)","background-image":"","background-repeat":"repeat","background-position":"center center","background-size":"auto","background-attachment":"scroll","background-type":"","background-media":"","overlay-type":"","overlay-color":"","overlay-gradient":""},"mobile":{"background-color":"var(--ast-global-color-5)","background-image":"","background-repeat":"repeat","background-position":"center center","background-size":"auto","background-attachment":"scroll","background-type":"","background-media":"","overlay-type":"","overlay-color":"","overlay-gradient":""}},"footnotes":""},"class_list":["post-47035","page","type-page","status-publish","hentry"],"acf":[],"yoast_head":"<!-- This site is optimized with the Yoast SEO plugin v26.6 - https:\/\/yoast.com\/wordpress\/plugins\/seo\/ -->\n<title>Destaques - ABMES<\/title>\n<meta name=\"robots\" content=\"index, follow, max-snippet:-1, max-image-preview:large, max-video-preview:-1\" \/>\n<link rel=\"canonical\" href=\"https:\/\/abmes.com.br\/site\/destaques\/\" \/>\n<meta property=\"og:locale\" content=\"pt_BR\" \/>\n<meta property=\"og:type\" content=\"article\" \/>\n<meta property=\"og:title\" content=\"Destaques - ABMES\" \/>\n<meta property=\"og:url\" content=\"https:\/\/abmes.com.br\/site\/destaques\/\" \/>\n<meta property=\"og:site_name\" content=\"ABMES\" \/>\n<meta property=\"article:modified_time\" content=\"2024-04-14T00:35:25+00:00\" \/>\n<meta name=\"twitter:card\" content=\"summary_large_image\" \/>\n<script type=\"application\/ld+json\" class=\"yoast-schema-graph\">{\"@context\":\"https:\/\/schema.org\",\"@graph\":[{\"@type\":\"WebPage\",\"@id\":\"https:\/\/abmes.com.br\/site\/destaques\/\",\"url\":\"https:\/\/abmes.com.br\/site\/destaques\/\",\"name\":\"Destaques - ABMES\",\"isPartOf\":{\"@id\":\"https:\/\/abmes.com.br\/site\/#website\"},\"datePublished\":\"2024-04-14T00:34:29+00:00\",\"dateModified\":\"2024-04-14T00:35:25+00:00\",\"breadcrumb\":{\"@id\":\"https:\/\/abmes.com.br\/site\/destaques\/#breadcrumb\"},\"inLanguage\":\"pt-BR\",\"potentialAction\":[{\"@type\":\"ReadAction\",\"target\":[\"https:\/\/abmes.com.br\/site\/destaques\/\"]}]},{\"@type\":\"BreadcrumbList\",\"@id\":\"https:\/\/abmes.com.br\/site\/destaques\/#breadcrumb\",\"itemListElement\":[{\"@type\":\"ListItem\",\"position\":1,\"name\":\"In\u00edcio\",\"item\":\"https:\/\/abmes.com.br\/site\/\"},{\"@type\":\"ListItem\",\"position\":2,\"name\":\"Destaques\"}]},{\"@type\":\"WebSite\",\"@id\":\"https:\/\/abmes.com.br\/site\/#website\",\"url\":\"https:\/\/abmes.com.br\/site\/\",\"name\":\"ABMES\",\"description\":\"Associa\u00e7\u00e3o dos Bombeiros Militares do ES\",\"publisher\":{\"@id\":\"https:\/\/abmes.com.br\/site\/#organization\"},\"potentialAction\":[{\"@type\":\"SearchAction\",\"target\":{\"@type\":\"EntryPoint\",\"urlTemplate\":\"https:\/\/abmes.com.br\/site\/?s={search_term_string}\"},\"query-input\":{\"@type\":\"PropertyValueSpecification\",\"valueRequired\":true,\"valueName\":\"search_term_string\"}}],\"inLanguage\":\"pt-BR\"},{\"@type\":\"Organization\",\"@id\":\"https:\/\/abmes.com.br\/site\/#organization\",\"name\":\"ABMES\",\"url\":\"https:\/\/abmes.com.br\/site\/\",\"logo\":{\"@type\":\"ImageObject\",\"inLanguage\":\"pt-BR\",\"@id\":\"https:\/\/abmes.com.br\/site\/#\/schema\/logo\/image\/\",\"url\":\"https:\/\/abmes.com.br\/site\/wp-content\/uploads\/2024\/04\/logoam.png\",\"contentUrl\":\"https:\/\/abmes.com.br\/site\/wp-content\/uploads\/2024\/04\/logoam.png\",\"width\":587,\"height\":403,\"caption\":\"ABMES\"},\"image\":{\"@id\":\"https:\/\/abmes.com.br\/site\/#\/schema\/logo\/image\/\"}}]}<\/script>\n<!-- \/ Yoast SEO plugin. -->","yoast_head_json":{"title":"Destaques - ABMES","robots":{"index":"index","follow":"follow","max-snippet":"max-snippet:-1","max-image-preview":"max-image-preview:large","max-video-preview":"max-video-preview:-1"},"canonical":"https:\/\/abmes.com.br\/site\/destaques\/","og_locale":"pt_BR","og_type":"article","og_title":"Destaques - ABMES","og_url":"https:\/\/abmes.com.br\/site\/destaques\/","og_site_name":"ABMES","article_modified_time":"2024-04-14T00:35:25+00:00","twitter_card":"summary_large_image","schema":{"@context":"https:\/\/schema.org","@graph":[{"@type":"WebPage","@id":"https:\/\/abmes.com.br\/site\/destaques\/","url":"https:\/\/abmes.com.br\/site\/destaques\/","name":"Destaques - ABMES","isPartOf":{"@id":"https:\/\/abmes.com.br\/site\/#website"},"datePublished":"2024-04-14T00:34:29+00:00","dateModified":"2024-04-14T00:35:25+00:00","breadcrumb":{"@id":"https:\/\/abmes.com.br\/site\/destaques\/#breadcrumb"},"inLanguage":"pt-BR","potentialAction":[{"@type":"ReadAction","target":["https:\/\/abmes.com.br\/site\/destaques\/"]}]},{"@type":"BreadcrumbList","@id":"https:\/\/abmes.com.br\/site\/destaques\/#breadcrumb","itemListElement":[{"@type":"ListItem","position":1,"name":"In\u00edcio","item":"https:\/\/abmes.com.br\/site\/"},{"@type":"ListItem","position":2,"name":"Destaques"}]},{"@type":"WebSite","@id":"https:\/\/abmes.com.br\/site\/#website","url":"https:\/\/abmes.com.br\/site\/","name":"ABMES","description":"Associa\u00e7\u00e3o dos Bombeiros Militares do ES","publisher":{"@id":"https:\/\/abmes.com.br\/site\/#organization"},"potentialAction":[{"@type":"SearchAction","target":{"@type":"EntryPoint","urlTemplate":"https:\/\/abmes.com.br\/site\/?s={search_term_string}"},"query-input":{"@type":"PropertyValueSpecification","valueRequired":true,"valueName":"search_term_string"}}],"inLanguage":"pt-BR"},{"@type":"Organization","@id":"https:\/\/abmes.com.br\/site\/#organization","name":"ABMES","url":"https:\/\/abmes.com.br\/site\/","logo":{"@type":"ImageObject","inLanguage":"pt-BR","@id":"https:\/\/abmes.com.br\/site\/#\/schema\/logo\/image\/","url":"https:\/\/abmes.com.br\/site\/wp-content\/uploads\/2024\/04\/logoam.png","contentUrl":"https:\/\/abmes.com.br\/site\/wp-content\/uploads\/2024\/04\/logoam.png","width":587,"height":403,"caption":"ABMES"},"image":{"@id":"https:\/\/abmes.com.br\/site\/#\/schema\/logo\/image\/"}}]}},"_links":{"self":[{"href":"https:\/\/abmes.com.br\/site\/wp-json\/wp\/v2\/pages\/47035","targetHints":{"allow":["GET"]}}],"collection":[{"href":"https:\/\/abmes.com.br\/site\/wp-json\/wp\/v2\/pages"}],"about":[{"href":"https:\/\/abmes.com.br\/site\/wp-json\/wp\/v2\/types\/page"}],"author":[{"embeddable":true,"href":"https:\/\/abmes.com.br\/site\/wp-json\/wp\/v2\/users\/1"}],"replies":[{"embeddable":true,"href":"https:\/\/abmes.com.br\/site\/wp-json\/wp\/v2\/comments?post=47035"}],"version-history":[{"count":4,"href":"https:\/\/abmes.com.br\/site\/wp-json\/wp\/v2\/pages\/47035\/revisions"}],"predecessor-version":[{"id":47040,"href":"https:\/\/abmes.com.br\/site\/wp-json\/wp\/v2\/pages\/47035\/revisions\/47040"}],"wp:attachment":[{"href":"https:\/\/abmes.com.br\/site\/wp-json\/wp\/v2\/media?parent=47035"}],"curies":[{"name":"wp","href":"https:\/\/api.w.org\/{rel}","templated":true}]}}